{"id":519,"date":"2023-11-02T11:37:02","date_gmt":"2023-11-02T10:37:02","guid":{"rendered":"https:\/\/monvidalhome.com\/tlocrti\/"},"modified":"2023-12-12T11:50:44","modified_gmt":"2023-12-12T10:50:44","slug":"grundrisse","status":"publish","type":"page","link":"https:\/\/monvidalhome.com\/de\/grundrisse\/","title":{"rendered":"Grundrisse"},"content":{"rendered":"<section class=\"bde-section-519-100 bde-section\">\n  \n\t\n\n\n\n<div class=\"section-container\"><h1 class=\"bde-heading-519-101 bde-heading\">\nGrundrisse\n<\/h1><\/div>\n<\/section><section class=\"bde-section-519-128 bde-section\">\n  \n\t\n\n\n\n<div class=\"section-container\"><div class=\"bde-text-519-127 bde-text\">\nDieses Wohngeb\u00e4ude ist mehr als nur ein Ort zum Leben; es ist eine lebendige Gemeinschaft, die Sie mit dem Puls der Stadt verbindet. Mit einer erstklassigen Lage in der N\u00e4he des Stadtzentrums haben Sie einfachen Zugang zu Einkaufsm\u00f6glichkeiten, Restaurants, kulturellen Attraktionen und allen Annehmlichkeiten des st\u00e4dtischen Lebens.<br><br>Wir laden Sie ein, Teil dieses aufregenden Unternehmens zu sein, in dem modernes Design auf st\u00e4dtische Bequemlichkeit trifft. Willkommen zu Hause in einer neuen Art des Lebens, in der jeder Aspekt sorgf\u00e4ltig durchdacht wurde, um Ihre Lebensqualit\u00e4t zu verbessern.\n<\/div><\/div>\n<\/section><section class=\"bde-section-519-103 bde-section\">\n  \n\t\n\n\n\n<div class=\"section-container\"><h2 class=\"bde-heading-519-102 bde-heading\">\nErste Stock\n<\/h2><div class=\"bde-image-519-111 bde-image\">\n  \n\n\n\n\n\n<figure class=\"breakdance-image breakdance-image--451\">\n\t<div class=\"breakdance-image-container\">\n\t\t<div class=\"breakdance-image-clip\">\n\t\t\t\t\t\t<a class=\"breakdance-image-link breakdance-image-link--media\" href=\"https:\/\/monvidalhome.com\/wp-content\/uploads\/2023\/11\/alma-dom-monvidal-home-tlocrt-1-kat.webp\" target=\"_blank\" rel=\"noopener\" data-sub-html=\"\" data-lg-size=\"-\">\n\t\t\t\t\n\t\t\t\t\n\t\t\t\t\t      \n  \n  \n  \n  \n      \n      <img loading=\"lazy\" decoding=\"async\"\n      class=\"breakdance-image-object\"\n      src=\"https:\/\/monvidalhome.com\/wp-content\/uploads\/2023\/11\/alma-dom-monvidal-home-tlocrt-1-kat.webp\"\n      width=\"2500\"\n      height=\"798\"\n      \n      \n                                    srcset=\"https:\/\/monvidalhome.com\/wp-content\/uploads\/2023\/11\/alma-dom-monvidal-home-tlocrt-1-kat.webp 2500w, https:\/\/monvidalhome.com\/wp-content\/uploads\/2023\/11\/alma-dom-monvidal-home-tlocrt-1-kat-300x96.webp 300w, https:\/\/monvidalhome.com\/wp-content\/uploads\/2023\/11\/alma-dom-monvidal-home-tlocrt-1-kat-1024x327.webp 1024w, https:\/\/monvidalhome.com\/wp-content\/uploads\/2023\/11\/alma-dom-monvidal-home-tlocrt-1-kat-768x245.webp 768w, https:\/\/monvidalhome.com\/wp-content\/uploads\/2023\/11\/alma-dom-monvidal-home-tlocrt-1-kat-1536x490.webp 1536w, https:\/\/monvidalhome.com\/wp-content\/uploads\/2023\/11\/alma-dom-monvidal-home-tlocrt-1-kat-2048x654.webp 2048w\"\n                                                                      >\n  \n\n\t\t\t\t\t\n\t\t\t\t\t\t\t<\/a>\n\t\t\t\t\t<\/div>\n\t<\/div>\n\n\t<\/figure>\n\n<\/div><\/div>\n<\/section><section class=\"bde-section-519-121 bde-section\">\n  \n\t\n\n\n\n<div class=\"section-container\"><h2 class=\"bde-heading-519-122 bde-heading\">\nZweiter Stock\n<\/h2><div class=\"bde-image-519-123 bde-image\">\n  \n\n\n\n\n\n<figure class=\"breakdance-image breakdance-image--454\">\n\t<div class=\"breakdance-image-container\">\n\t\t<div class=\"breakdance-image-clip\">\n\t\t\t\t\t\t<a class=\"breakdance-image-link breakdance-image-link--media\" href=\"https:\/\/monvidalhome.com\/wp-content\/uploads\/2023\/11\/alma-dom-monvidal-home-tlocrt-2-kat.webp\" target=\"_blank\" rel=\"noopener\" data-sub-html=\"\" data-lg-size=\"-\">\n\t\t\t\t\n\t\t\t\t\n\t\t\t\t\t      \n  \n  \n  \n  \n      \n      <img loading=\"lazy\" decoding=\"async\"\n      class=\"breakdance-image-object\"\n      src=\"https:\/\/monvidalhome.com\/wp-content\/uploads\/2023\/11\/alma-dom-monvidal-home-tlocrt-2-kat.webp\"\n      width=\"2500\"\n      height=\"798\"\n      \n      \n                                    srcset=\"https:\/\/monvidalhome.com\/wp-content\/uploads\/2023\/11\/alma-dom-monvidal-home-tlocrt-2-kat.webp 2500w, https:\/\/monvidalhome.com\/wp-content\/uploads\/2023\/11\/alma-dom-monvidal-home-tlocrt-2-kat-300x96.webp 300w, https:\/\/monvidalhome.com\/wp-content\/uploads\/2023\/11\/alma-dom-monvidal-home-tlocrt-2-kat-1024x327.webp 1024w, https:\/\/monvidalhome.com\/wp-content\/uploads\/2023\/11\/alma-dom-monvidal-home-tlocrt-2-kat-768x245.webp 768w, https:\/\/monvidalhome.com\/wp-content\/uploads\/2023\/11\/alma-dom-monvidal-home-tlocrt-2-kat-1536x490.webp 1536w, https:\/\/monvidalhome.com\/wp-content\/uploads\/2023\/11\/alma-dom-monvidal-home-tlocrt-2-kat-2048x654.webp 2048w\"\n                                                                      >\n  \n\n\t\t\t\t\t\n\t\t\t\t\t\t\t<\/a>\n\t\t\t\t\t<\/div>\n\t<\/div>\n\n\t<\/figure>\n\n<\/div><\/div>\n<\/section><section class=\"bde-section-519-118 bde-section\">\n  \n\t\n\n\n\n<div class=\"section-container\"><h2 class=\"bde-heading-519-119 bde-heading\">\nDritte Etage\n<\/h2><div class=\"bde-image-519-120 bde-image\">\n  \n\n\n\n\n\n<figure class=\"breakdance-image breakdance-image--455\">\n\t<div class=\"breakdance-image-container\">\n\t\t<div class=\"breakdance-image-clip\">\n\t\t\t\t\t\t<a class=\"breakdance-image-link breakdance-image-link--media\" href=\"https:\/\/monvidalhome.com\/wp-content\/uploads\/2023\/11\/alma-dom-monvidal-home-tlocrt-3-kat.webp\" target=\"_blank\" rel=\"noopener\" data-sub-html=\"\" data-lg-size=\"-\">\n\t\t\t\t\n\t\t\t\t\n\t\t\t\t\t      \n  \n  \n  \n  \n      \n      <img loading=\"lazy\" decoding=\"async\"\n      class=\"breakdance-image-object\"\n      src=\"https:\/\/monvidalhome.com\/wp-content\/uploads\/2023\/11\/alma-dom-monvidal-home-tlocrt-3-kat.webp\"\n      width=\"2500\"\n      height=\"798\"\n      \n      \n                                    srcset=\"https:\/\/monvidalhome.com\/wp-content\/uploads\/2023\/11\/alma-dom-monvidal-home-tlocrt-3-kat.webp 2500w, https:\/\/monvidalhome.com\/wp-content\/uploads\/2023\/11\/alma-dom-monvidal-home-tlocrt-3-kat-300x96.webp 300w, https:\/\/monvidalhome.com\/wp-content\/uploads\/2023\/11\/alma-dom-monvidal-home-tlocrt-3-kat-1024x327.webp 1024w, https:\/\/monvidalhome.com\/wp-content\/uploads\/2023\/11\/alma-dom-monvidal-home-tlocrt-3-kat-768x245.webp 768w, https:\/\/monvidalhome.com\/wp-content\/uploads\/2023\/11\/alma-dom-monvidal-home-tlocrt-3-kat-1536x490.webp 1536w, https:\/\/monvidalhome.com\/wp-content\/uploads\/2023\/11\/alma-dom-monvidal-home-tlocrt-3-kat-2048x654.webp 2048w\"\n                                                                      >\n  \n\n\t\t\t\t\t\n\t\t\t\t\t\t\t<\/a>\n\t\t\t\t\t<\/div>\n\t<\/div>\n\n\t<\/figure>\n\n<\/div><\/div>\n<\/section><section class=\"bde-section-519-115 bde-section\">\n  \n\t\n\n\n\n<div class=\"section-container\"><h2 class=\"bde-heading-519-116 bde-heading\">\nVierter Stock\n<\/h2><div class=\"bde-image-519-117 bde-image\">\n  \n\n\n\n\n\n<figure class=\"breakdance-image breakdance-image--456\">\n\t<div class=\"breakdance-image-container\">\n\t\t<div class=\"breakdance-image-clip\">\n\t\t\t\t\t\t<a class=\"breakdance-image-link breakdance-image-link--media\" href=\"https:\/\/monvidalhome.com\/wp-content\/uploads\/2023\/11\/alma-dom-monvidal-home-tlocrt-4-kat.webp\" target=\"_blank\" rel=\"noopener\" data-sub-html=\"\" data-lg-size=\"-\">\n\t\t\t\t\n\t\t\t\t\n\t\t\t\t\t      \n  \n  \n  \n  \n      \n      <img loading=\"lazy\" decoding=\"async\"\n      class=\"breakdance-image-object\"\n      src=\"https:\/\/monvidalhome.com\/wp-content\/uploads\/2023\/11\/alma-dom-monvidal-home-tlocrt-4-kat.webp\"\n      width=\"2500\"\n      height=\"798\"\n      \n      \n                                    srcset=\"https:\/\/monvidalhome.com\/wp-content\/uploads\/2023\/11\/alma-dom-monvidal-home-tlocrt-4-kat.webp 2500w, https:\/\/monvidalhome.com\/wp-content\/uploads\/2023\/11\/alma-dom-monvidal-home-tlocrt-4-kat-300x96.webp 300w, https:\/\/monvidalhome.com\/wp-content\/uploads\/2023\/11\/alma-dom-monvidal-home-tlocrt-4-kat-1024x327.webp 1024w, https:\/\/monvidalhome.com\/wp-content\/uploads\/2023\/11\/alma-dom-monvidal-home-tlocrt-4-kat-768x245.webp 768w, https:\/\/monvidalhome.com\/wp-content\/uploads\/2023\/11\/alma-dom-monvidal-home-tlocrt-4-kat-1536x490.webp 1536w, https:\/\/monvidalhome.com\/wp-content\/uploads\/2023\/11\/alma-dom-monvidal-home-tlocrt-4-kat-2048x654.webp 2048w\"\n                                                                      >\n  \n\n\t\t\t\t\t\n\t\t\t\t\t\t\t<\/a>\n\t\t\t\t\t<\/div>\n\t<\/div>\n\n\t<\/figure>\n\n<\/div><\/div>\n<\/section><section class=\"bde-section-519-112 bde-section\">\n  \n\t\n\n\n\n<div class=\"section-container\"><h2 class=\"bde-heading-519-113 bde-heading\">\nF\u00fcnfter Stock\n<\/h2><div class=\"bde-image-519-114 bde-image\">\n  \n\n\n\n\n\n<figure class=\"breakdance-image breakdance-image--457\">\n\t<div class=\"breakdance-image-container\">\n\t\t<div class=\"breakdance-image-clip\">\n\t\t\t\t\t\t<a class=\"breakdance-image-link breakdance-image-link--media\" href=\"https:\/\/monvidalhome.com\/wp-content\/uploads\/2023\/11\/alma-dom-monvidal-home-tlocrt-5-kat.webp\" target=\"_blank\" rel=\"noopener\" data-sub-html=\"\" data-lg-size=\"-\">\n\t\t\t\t\n\t\t\t\t\n\t\t\t\t\t      \n  \n  \n  \n  \n      \n      <img loading=\"lazy\" decoding=\"async\"\n      class=\"breakdance-image-object\"\n      src=\"https:\/\/monvidalhome.com\/wp-content\/uploads\/2023\/11\/alma-dom-monvidal-home-tlocrt-5-kat.webp\"\n      width=\"2500\"\n      height=\"798\"\n      \n      \n                                    srcset=\"https:\/\/monvidalhome.com\/wp-content\/uploads\/2023\/11\/alma-dom-monvidal-home-tlocrt-5-kat.webp 2500w, https:\/\/monvidalhome.com\/wp-content\/uploads\/2023\/11\/alma-dom-monvidal-home-tlocrt-5-kat-300x96.webp 300w, https:\/\/monvidalhome.com\/wp-content\/uploads\/2023\/11\/alma-dom-monvidal-home-tlocrt-5-kat-1024x327.webp 1024w, https:\/\/monvidalhome.com\/wp-content\/uploads\/2023\/11\/alma-dom-monvidal-home-tlocrt-5-kat-768x245.webp 768w, https:\/\/monvidalhome.com\/wp-content\/uploads\/2023\/11\/alma-dom-monvidal-home-tlocrt-5-kat-1536x490.webp 1536w, https:\/\/monvidalhome.com\/wp-content\/uploads\/2023\/11\/alma-dom-monvidal-home-tlocrt-5-kat-2048x654.webp 2048w\"\n                                                                      >\n  \n\n\t\t\t\t\t\n\t\t\t\t\t\t\t<\/a>\n\t\t\t\t\t<\/div>\n\t<\/div>\n\n\t<\/figure>\n\n<\/div><\/div>\n<\/section><section class=\"bde-section-519-124 bde-section\">\n  \n\t\n\n\n\n<div class=\"section-container\"><h2 class=\"bde-heading-519-125 bde-heading\">\nSechster Stock\n<\/h2><div class=\"bde-image-519-126 bde-image\">\n  \n\n\n\n\n\n<figure class=\"breakdance-image breakdance-image--458\">\n\t<div class=\"breakdance-image-container\">\n\t\t<div class=\"breakdance-image-clip\">\n\t\t\t\t\t\t<a class=\"breakdance-image-link breakdance-image-link--media\" href=\"https:\/\/monvidalhome.com\/wp-content\/uploads\/2023\/11\/alma-dom-monvidal-home-tlocrt-6-kat.webp\" target=\"_blank\" rel=\"noopener\" data-sub-html=\"\" data-lg-size=\"-\">\n\t\t\t\t\n\t\t\t\t\n\t\t\t\t\t      \n  \n  \n  \n  \n      \n      <img loading=\"lazy\" decoding=\"async\"\n      class=\"breakdance-image-object\"\n      src=\"https:\/\/monvidalhome.com\/wp-content\/uploads\/2023\/11\/alma-dom-monvidal-home-tlocrt-6-kat.webp\"\n      width=\"2500\"\n      height=\"798\"\n      \n      \n                                    srcset=\"https:\/\/monvidalhome.com\/wp-content\/uploads\/2023\/11\/alma-dom-monvidal-home-tlocrt-6-kat.webp 2500w, https:\/\/monvidalhome.com\/wp-content\/uploads\/2023\/11\/alma-dom-monvidal-home-tlocrt-6-kat-300x96.webp 300w, https:\/\/monvidalhome.com\/wp-content\/uploads\/2023\/11\/alma-dom-monvidal-home-tlocrt-6-kat-1024x327.webp 1024w, https:\/\/monvidalhome.com\/wp-content\/uploads\/2023\/11\/alma-dom-monvidal-home-tlocrt-6-kat-768x245.webp 768w, https:\/\/monvidalhome.com\/wp-content\/uploads\/2023\/11\/alma-dom-monvidal-home-tlocrt-6-kat-1536x490.webp 1536w, https:\/\/monvidalhome.com\/wp-content\/uploads\/2023\/11\/alma-dom-monvidal-home-tlocrt-6-kat-2048x654.webp 2048w\"\n                                                                      >\n  \n\n\t\t\t\t\t\n\t\t\t\t\t\t\t<\/a>\n\t\t\t\t\t<\/div>\n\t<\/div>\n\n\t<\/figure>\n\n<\/div><\/div>\n<\/section>","protected":false},"excerpt":{"rendered":"<p>Grundrisse Dieses Wohngeb\u00e4ude ist mehr als nur ein Ort zum Leben; es ist eine lebendige Gemeinschaft, die Sie mit dem Puls der Stadt verbindet. Mit einer erstklassigen Lage in der N\u00e4he des Stadtzentrums haben Sie einfachen Zugang zu Einkaufsm\u00f6glichkeiten, Restaurants, kulturellen Attraktionen und allen Annehmlichkeiten des st\u00e4dtischen Lebens.Wir laden Sie ein, Teil dieses aufregenden Unternehmens [&hellip;]<\/p>\n","protected":false},"author":1,"featured_media":0,"parent":0,"menu_order":0,"comment_status":"closed","ping_status":"closed","template":"","meta":{"_breakdance_hide_in_design_set":false,"_breakdance_tags":"","footnotes":""},"class_list":["post-519","page","type-page","status-publish","hentry"],"_links":{"self":[{"href":"https:\/\/monvidalhome.com\/de\/wp-json\/wp\/v2\/pages\/519","targetHints":{"allow":["GET"]}}],"collection":[{"href":"https:\/\/monvidalhome.com\/de\/wp-json\/wp\/v2\/pages"}],"about":[{"href":"https:\/\/monvidalhome.com\/de\/wp-json\/wp\/v2\/types\/page"}],"author":[{"embeddable":true,"href":"https:\/\/monvidalhome.com\/de\/wp-json\/wp\/v2\/users\/1"}],"replies":[{"embeddable":true,"href":"https:\/\/monvidalhome.com\/de\/wp-json\/wp\/v2\/comments?post=519"}],"version-history":[{"count":2,"href":"https:\/\/monvidalhome.com\/de\/wp-json\/wp\/v2\/pages\/519\/revisions"}],"predecessor-version":[{"id":588,"href":"https:\/\/monvidalhome.com\/de\/wp-json\/wp\/v2\/pages\/519\/revisions\/588"}],"wp:attachment":[{"href":"https:\/\/monvidalhome.com\/de\/wp-json\/wp\/v2\/media?parent=519"}],"curies":[{"name":"wp","href":"https:\/\/api.w.org\/{rel}","templated":true}]}}